{"id":15,"date":"2015-03-14T11:53:03","date_gmt":"2015-03-14T10:53:03","guid":{"rendered":"http:\/\/www.gabianspirit.com\/wordpress\/?page_id=15"},"modified":"2025-07-25T18:41:01","modified_gmt":"2025-07-25T17:41:01","slug":"hello-world","status":"publish","type":"page","link":"https:\/\/www.gabianspirit.com\/wordpress\/","title":{"rendered":"Bonjour le monde !"},"content":{"rendered":"\n<div class=\"wp-block-media-text alignwide is-stacked-on-mobile\"><figure class=\"wp-block-media-text__media\"><img loading=\"lazy\" decoding=\"async\" width=\"1200\" height=\"838\" src=\"https:\/\/www.gabianspirit.com\/wordpress\/wp-content\/uploads\/2023\/01\/Image-PNG-D183FD4BC2DB-1-1200x838.png\" alt=\"\" class=\"wp-image-12852 size-full\" srcset=\"https:\/\/www.gabianspirit.com\/wordpress\/wp-content\/uploads\/2023\/01\/Image-PNG-D183FD4BC2DB-1-1200x838.png 1200w, https:\/\/www.gabianspirit.com\/wordpress\/wp-content\/uploads\/2023\/01\/Image-PNG-D183FD4BC2DB-1-744x520.png 744w, https:\/\/www.gabianspirit.com\/wordpress\/wp-content\/uploads\/2023\/01\/Image-PNG-D183FD4BC2DB-1-768x536.png 768w, https:\/\/www.gabianspirit.com\/wordpress\/wp-content\/uploads\/2023\/01\/Image-PNG-D183FD4BC2DB-1-1536x1073.png 1536w, https:\/\/www.gabianspirit.com\/wordpress\/wp-content\/uploads\/2023\/01\/Image-PNG-D183FD4BC2DB-1-2048x1431.png 2048w, https:\/\/www.gabianspirit.com\/wordpress\/wp-content\/uploads\/2023\/01\/Image-PNG-D183FD4BC2DB-1-100x70.png 100w\" sizes=\"auto, (max-width: 1200px) 100vw, 1200px\" \/><\/figure><div class=\"wp-block-media-text__content\">\n<h2 class=\"wp-block-heading wsite-content-title\">Marie Bellando Mitjans<\/h2>\n\n\n\n<h3 class=\"wp-block-heading has-text-align-left paragraph\"><em><a href=\"https:\/\/mariebellandomitjans.wordpress.com\/\" target=\"_blank\" rel=\"noreferrer noopener\">Auteurice atypique<\/a>, artiste ardente et <a href=\"https:\/\/tarotdelabonnemere.wordpress.com\/benedictrice\/\" data-type=\"link\" data-id=\"https:\/\/tarotdelabonnemere.wordpress.com\/benedictrice\/\">b\u00e9n\u00e9dictrice inclusive<\/a>, je m&rsquo;engage \u00e0 transmettre la pr\u00e9sence de l&rsquo;Esprit \u00e0 toustes, l\u00e0 o\u00f9 iels se trouvent dans leur vie et leur foi.<\/em><\/h3>\n\n\n\n<p>Je suis une artiste chr\u00e9tienne, \u00e9piscopalienne, bas\u00e9e en France. Dipl\u00f4m\u00e9e d&rsquo;arts appliqu\u00e9s, d&rsquo;\u00e9tudes centre-europ\u00e9ennes et de th\u00e9ologie compar\u00e9e, je vous propose des portraits de personnages historiques, des images pieuses contemporaines&#8230; Et pleins d&rsquo;autres choses encore. Professionnelle, curieuse et efficace, mes portraits paraissent r\u00e9guli\u00e8rement dans la presse, l\u2019\u00e9dition ou encore des universit\u00e9s et administrations. Si vous souhaitez une \u0153uvre sur commande, n&rsquo;h\u00e9sitez pas \u00e0 me contacter !<br><strong><a href=\"https:\/\/www.gabianspirit.com\/wordpress\/wp-content\/uploads\/2024\/11\/catalogue.pdf\" data-type=\"link\" data-id=\"https:\/\/www.gabianspirit.com\/wordpress\/wp-content\/uploads\/2024\/11\/catalogue.pdf\">En attendant, consultez mon catalogue int\u00e9gral \ud83d\ude09<\/a><\/strong><\/p>\n<\/div><\/div>\n\n\n\n<hr class=\"wp-block-separator aligncenter has-alpha-channel-opacity is-style-dots\"\/>\n\n\n\n<h2 class=\"wp-block-heading has-text-align-center\">Mes boutiques :<\/h2>\n\n\n\n<div class=\"wp-block-buttons is-content-justification-center is-layout-flex wp-container-core-buttons-is-layout-16018d1d wp-block-buttons-is-layout-flex\">\n<div class=\"wp-block-button\"><a class=\"wp-block-button__link wp-element-button\" href=\"https:\/\/www.etsy.com\/fr\/shop\/GabianSpiritArt\">Etsy<\/a><\/div>\n\n\n\n<div class=\"wp-block-button\"><a class=\"wp-block-button__link wp-element-button\" href=\"https:\/\/www.redbubble.com\/fr\/people\/GabianSpiritArt\/shop\">RedBubble<\/a><\/div>\n<\/div>\n\n\n\n<div style=\"height:31px\" aria-hidden=\"true\" class=\"wp-block-spacer\"><\/div>\n\n\n\n<hr class=\"wp-block-separator aligncenter has-alpha-channel-opacity is-style-dots\"\/>\n\n\n\n<div class=\"wp-block-media-text alignwide is-stacked-on-mobile\"><figure class=\"wp-block-media-text__media\"><img loading=\"lazy\" decoding=\"async\" width=\"1200\" height=\"1200\" src=\"https:\/\/www.gabianspirit.com\/wordpress\/wp-content\/uploads\/2022\/09\/IMG_8003-1200x1200.jpg\" alt=\"\" class=\"wp-image-12358 size-full\" srcset=\"https:\/\/www.gabianspirit.com\/wordpress\/wp-content\/uploads\/2022\/09\/IMG_8003-1200x1200.jpg 1200w, https:\/\/www.gabianspirit.com\/wordpress\/wp-content\/uploads\/2022\/09\/IMG_8003-744x744.jpg 744w, https:\/\/www.gabianspirit.com\/wordpress\/wp-content\/uploads\/2022\/09\/IMG_8003-200x200.jpg 200w, https:\/\/www.gabianspirit.com\/wordpress\/wp-content\/uploads\/2022\/09\/IMG_8003-768x768.jpg 768w, https:\/\/www.gabianspirit.com\/wordpress\/wp-content\/uploads\/2022\/09\/IMG_8003.jpg 1500w\" sizes=\"auto, (max-width: 1200px) 100vw, 1200px\" \/><\/figure><div class=\"wp-block-media-text__content\">\n<h3 class=\"wp-block-heading\"><strong>depuis 2020 \u2014<\/strong> Auteurice, b\u00e9n\u00e9dictrice, illustrateurice<\/h3>\n\n\n\n<ul class=\"wp-block-list\">\n<li><a href=\"https:\/\/www.bookelis.com\/auteur\/bellando-mitjans-marie\/18639\" data-type=\"URL\" data-id=\"https:\/\/www.bookelis.com\/auteur\/bellando-mitjans-marie\/18639\" target=\"_blank\" rel=\"noreferrer noopener\">publication d&rsquo;ouvrages<\/a><\/li>\n\n\n\n<li>communication \u00e9crite : r\u00e9daction de bulletins et lettres d\u2019informations, guide de visite, r\u00e9daction web, gestion de communaut\u00e9s r\u00e9seaux sociaux.<\/li>\n\n\n\n<li>animation de temps de pri\u00e8re inclusifs et bilingues \u00e0 la <a href=\"https:\/\/amcathparis.com\/\" data-type=\"URL\" data-id=\"https:\/\/amcathparis.com\/\" target=\"_blank\" rel=\"noreferrer noopener\">Cath\u00e9drale am\u00e9ricaine de Paris<\/a><\/li>\n\n\n\n<li>accompagnement spirituel de personnes en situation de bouleversement de vie, quelles que soient leur appartenance, culture ou tradition<\/li>\n\n\n\n<li>illustration : <a href=\"https:\/\/www.gabianspirit.com\/wordpress\/category\/portraits\/\">portraits<\/a> parus dans le 1 hebdo, le 1 des libraires et L\u00e9gende, vente de portraits \u00e0 diverses institutions (Parlement europ\u00e9en, Universidad de Salamanca,\u2026), <a href=\"https:\/\/www.etsy.com\/fr\/shop\/GabianSpiritArt\">vente d&rsquo;illustrations \u00e0 des particuliers.<\/a><\/li>\n<\/ul>\n<\/div><\/div>\n\n\n\n<div style=\"height:31px\" aria-hidden=\"true\" class=\"wp-block-spacer\"><\/div>\n\n\n\n<div class=\"wp-block-media-text alignwide has-media-on-the-right is-stacked-on-mobile has-black-color has-text-color has-background\" style=\"background-color:#feec01\"><div class=\"wp-block-media-text__content\">\n<p><strong>FORMATIONS<\/strong><\/p>\n\n\n\n<ul class=\"wp-block-list\">\n<li>2022 \u2013 Entreprendre dans les industries culturelles \u00e0 l&rsquo;\u00e8re du num\u00e9rique \u2013 Sciences Po via Coursera.<\/li>\n\n\n\n<li>2022 \u2013 Certificat \u00ab\u00a0Introduction to Psychology\u00a0\u00bb\u2013 Yale via Coursera.<\/li>\n\n\n\n<li>2021 \u2013 Certificat juda\u00efsme, christianisme, islam et la\u00efcit\u00e9 \u2013 Institut catholique de Paris<\/li>\n<\/ul>\n<\/div><figure class=\"wp-block-media-text__media\"><img loading=\"lazy\" decoding=\"async\" width=\"7681\" height=\"4321\" src=\"https:\/\/www.gabianspirit.com\/wordpress\/wp-content\/uploads\/2022\/04\/Plan-de-travail-1@4x.png\" alt=\"\" class=\"wp-image-11111 size-full\"\/><\/figure><\/div>\n\n\n\n<div style=\"height:31px\" aria-hidden=\"true\" class=\"wp-block-spacer\"><\/div>\n\n\n\n<div class=\"wp-block-media-text alignwide is-stacked-on-mobile\"><figure class=\"wp-block-media-text__media\"><img loading=\"lazy\" decoding=\"async\" width=\"1004\" height=\"1417\" src=\"https:\/\/www.gabianspirit.com\/wordpress\/wp-content\/uploads\/2019\/11\/appel-de-fes_OK_FR.jpg\" alt=\"\" class=\"wp-image-6863 size-full\" srcset=\"https:\/\/www.gabianspirit.com\/wordpress\/wp-content\/uploads\/2019\/11\/appel-de-fes_OK_FR.jpg 1004w, https:\/\/www.gabianspirit.com\/wordpress\/wp-content\/uploads\/2019\/11\/appel-de-fes_OK_FR-744x1050.jpg 744w, https:\/\/www.gabianspirit.com\/wordpress\/wp-content\/uploads\/2019\/11\/appel-de-fes_OK_FR-768x1084.jpg 768w\" sizes=\"auto, (max-width: 1004px) 100vw, 1004px\" \/><\/figure><div class=\"wp-block-media-text__content\">\n<h3 class=\"wp-block-heading\">2014 \u2013 2020 \u2013 Charg\u00e9e des publications, \u00e9dition, identit\u00e9 visuelle<\/h3>\n\n\n\n<p>Organisation internationale de la Francophonie : institution fond\u00e9e sur le partage d\u2019une langue et de valeurs communes, elle regroupe 88 \u00c9tats et gouvernements dans une dynamique de coop\u00e9ration culturelle et politique et d\u2019aide au d\u00e9veloppement. Le service communication se composait de six personnes, sous la coordination conjointe de la directrice de la communication et du porte-parole de la Secr\u00e9taire g\u00e9n\u00e9rale.<\/p>\n\n\n\n<ul class=\"wp-block-list\">\n<li>suivi de productions et partenariats publications <\/li>\n\n\n\n<li>cr\u00e9ation de visuels, de logos, de diaporamas, d\u2019invitations, de flyers, de dossiers de presse, et de communiqu\u00e9s \u00e0 vis\u00e9es institutionnelles et internationales<\/li>\n\n\n\n<li>participation \u00e0 la communication \u00e9v\u00e9nementielle<\/li>\n\n\n\n<li>participation aux t\u00e2ches d&rsquo;attach\u00e9 de presse<\/li>\n\n\n\n<li>participation au community management<\/li>\n\n\n\n<li>contr\u00f4le de la charte graphique et des normes de pr\u00e9sentation r\u00e9dactionnelle de l\u2019OIF sur tous les supports de communication interne, externe, partenaires et \u00a9<\/li>\n<\/ul>\n<\/div><\/div>\n\n\n\n<div style=\"height:31px\" aria-hidden=\"true\" class=\"wp-block-spacer\"><\/div>\n\n\n\n<div class=\"wp-block-media-text alignwide has-media-on-the-right is-stacked-on-mobile has-black-color has-text-color has-background\" style=\"background-color:#feec01\"><div class=\"wp-block-media-text__content\">\n<p><strong>FORMATION<\/strong><\/p>\n\n\n\n<ul class=\"wp-block-list\">\n<li>2018 \u2013 R\u00e9seaux sociaux, niveau avanc\u00e9 \/ Filmer avec son smartphone \u2013 CFPJ<\/li>\n<\/ul>\n<\/div><figure class=\"wp-block-media-text__media\"><img loading=\"lazy\" decoding=\"async\" width=\"2560\" height=\"1440\" src=\"https:\/\/www.gabianspirit.com\/wordpress\/wp-content\/uploads\/2022\/04\/Rigoureux.png\" alt=\"\" class=\"wp-image-11095 size-full\"\/><\/figure><\/div>\n\n\n\n<div style=\"height:31px\" aria-hidden=\"true\" class=\"wp-block-spacer\"><\/div>\n\n\n\n<div class=\"wp-block-media-text alignwide is-stacked-on-mobile\"><figure class=\"wp-block-media-text__media\"><img loading=\"lazy\" decoding=\"async\" width=\"565\" height=\"800\" src=\"https:\/\/www.gabianspirit.com\/wordpress\/wp-content\/uploads\/2012\/03\/change-the-world.jpg\" alt=\"\" class=\"wp-image-2380 size-full\"\/><\/figure><div class=\"wp-block-media-text__content\">\n<h3 class=\"wp-block-heading\">2009 \u2013 2014 \u2013 Consultante communication, \u00e9v\u00e9nementiel, \u00e9dition<\/h3>\n\n\n\n<ul class=\"wp-block-list\">\n<li>conseil en communication<\/li>\n\n\n\n<li>coordination d\u2019\u00e9quipes de b\u00e9n\u00e9voles<\/li>\n\n\n\n<li>cr\u00e9ation de supports de communication (brochures, affiches, site web,\u2026)<\/li>\n\n\n\n<li>enseignement web<\/li>\n\n\n\n<li>gestion et animation \u00e9v\u00e9nementielle<\/li>\n\n\n\n<li>Entre autres :\n<ul class=\"wp-block-list\">\n<li>LES ZIG\u2019S (festival artistique, Gentilly) : d\u00e9finition d\u2019une politique de communication, production des \u00e9l\u00e9ments de communication (r\u00e9daction et mise en forme), community management, communication avec la municipalit\u00e9, sc\u00e9nographie, montage d\u2019exposition, organisation de concerts, mise en place d\u2019\u00e9clairage, coordination d\u2019\u00e9quipe de b\u00e9n\u00e9voles, accueil des participants et du public, vente<\/li>\n\n\n\n<li>D\u00c9COUVERTES GALLIMARD\/GALLIMARD JEUNESSE : prise en charge de Mus\u00e9e Gaumont, morceaux choisis (2009), participation \u00e0 divers ouvrages, m\u00e9diation entre les divers acteurs de la cha\u00eene \u00e9ditoriale, cr\u00e9ation de supports de communication : PLV, affiches, fiches argumentaires.<\/li>\n<\/ul>\n<\/li>\n<\/ul>\n<\/div><\/div>\n\n\n\n<div style=\"height:31px\" aria-hidden=\"true\" class=\"wp-block-spacer\"><\/div>\n\n\n\n<div class=\"wp-block-media-text alignwide has-media-on-the-right is-stacked-on-mobile has-black-color has-text-color has-background\" style=\"background-color:#feec01\"><div class=\"wp-block-media-text__content\">\n<p><strong>FORMATION<\/strong><\/p>\n\n\n\n<ul class=\"wp-block-list\">\n<li>2015 \u2013 Master CIMER \u2013 Paris-Sorbonne, Communication interculturelle et mus\u00e9ologie en Europe centrale et orientale, mention Tr\u00e8s bien.<\/li>\n<\/ul>\n<\/div><figure class=\"wp-block-media-text__media\"><img loading=\"lazy\" decoding=\"async\" width=\"1200\" height=\"675\" src=\"https:\/\/www.gabianspirit.com\/wordpress\/wp-content\/uploads\/2022\/04\/Classe-1200x675.png\" alt=\"\" class=\"wp-image-11081 size-full\" srcset=\"https:\/\/www.gabianspirit.com\/wordpress\/wp-content\/uploads\/2022\/04\/Classe-1200x675.png 1200w, https:\/\/www.gabianspirit.com\/wordpress\/wp-content\/uploads\/2022\/04\/Classe-744x419.png 744w, https:\/\/www.gabianspirit.com\/wordpress\/wp-content\/uploads\/2022\/04\/Classe-768x432.png 768w, https:\/\/www.gabianspirit.com\/wordpress\/wp-content\/uploads\/2022\/04\/Classe-1536x864.png 1536w, https:\/\/www.gabianspirit.com\/wordpress\/wp-content\/uploads\/2022\/04\/Classe.png 1920w\" sizes=\"auto, (max-width: 1200px) 100vw, 1200px\" \/><\/figure><\/div>\n\n\n\n<div style=\"height:31px\" aria-hidden=\"true\" class=\"wp-block-spacer\"><\/div>\n\n\n\n<div class=\"wp-block-media-text alignwide is-stacked-on-mobile\"><figure class=\"wp-block-media-text__media\"><img loading=\"lazy\" decoding=\"async\" width=\"899\" height=\"628\" src=\"https:\/\/www.gabianspirit.com\/wordpress\/wp-content\/uploads\/2023\/01\/Marie_Curie.jpg\" alt=\"\" class=\"wp-image-13070 size-full\" srcset=\"https:\/\/www.gabianspirit.com\/wordpress\/wp-content\/uploads\/2023\/01\/Marie_Curie.jpg 899w, https:\/\/www.gabianspirit.com\/wordpress\/wp-content\/uploads\/2023\/01\/Marie_Curie-744x520.jpg 744w, https:\/\/www.gabianspirit.com\/wordpress\/wp-content\/uploads\/2023\/01\/Marie_Curie-768x536.jpg 768w, https:\/\/www.gabianspirit.com\/wordpress\/wp-content\/uploads\/2023\/01\/Marie_Curie-100x70.jpg 100w\" sizes=\"auto, (max-width: 899px) 100vw, 899px\" \/><\/figure><div class=\"wp-block-media-text__content\">\n<h3 class=\"wp-block-heading\">2015 \u2014 Charg\u00e9e de communication cr\u00e9ative et num\u00e9rique<\/h3>\n\n\n\n<p>MUS\u00c9E NATIONAL DE L\u2019HISTOIRE DE L\u2019IMMIGRATION (stage, 6 mois)<\/p>\n\n\n\n<ul class=\"wp-block-list\">\n<li>mise en place d\u2019une plateforme de gestion de projet et d\u2019un nouvel intranet.<\/li>\n\n\n\n<li>aide au community management : 5 tweets par jour, tr\u00e8s nombreuses r\u00e9ponses \u00e0 messages priv\u00e9s p\u00e9dagogie autour de sujets de soci\u00e9t\u00e9s et humanitaires notamment la haine et la discrimination, l\u2019histoire des migrations.<\/li>\n\n\n\n<li>m\u00e9diation culturelle par le num\u00e9rique et l\u2019illustration : animation de deux blogs, livret jeu d\u2019exposition temporaire, cr\u00e9ation d\u2019un parcours enfant digital pour les collections permanentes \u00e0 l\u2019aide d\u2019une mascotte et de cinq r\u00e9cits de vie illustr\u00e9s.<\/li>\n<\/ul>\n<\/div><\/div>\n\n\n\n<div style=\"height:31px\" aria-hidden=\"true\" class=\"wp-block-spacer\"><\/div>\n\n\n\n<div class=\"wp-block-media-text alignwide has-media-on-the-right is-stacked-on-mobile has-black-color has-text-color has-background\" style=\"background-color:#feec01\"><div class=\"wp-block-media-text__content\">\n<p><strong>FORMATION<\/strong><\/p>\n\n\n\n<ul class=\"wp-block-list\">\n<li>2013 \u2013 LLCE BCMS \u2013 Paris-Sorbonne, Langue, Litt\u00e9rature et Civilisation Serbe-Croate-Bosniaque-Mont\u00e9negrin, ann\u00e9e obtenue.<\/li>\n<\/ul>\n<\/div><figure class=\"wp-block-media-text__media\"><img loading=\"lazy\" decoding=\"async\" width=\"899\" height=\"628\" src=\"https:\/\/www.gabianspirit.com\/wordpress\/wp-content\/uploads\/2023\/01\/Ivo_Andric.jpg\" alt=\"\" class=\"wp-image-13013 size-full\" srcset=\"https:\/\/www.gabianspirit.com\/wordpress\/wp-content\/uploads\/2023\/01\/Ivo_Andric.jpg 899w, https:\/\/www.gabianspirit.com\/wordpress\/wp-content\/uploads\/2023\/01\/Ivo_Andric-744x520.jpg 744w, https:\/\/www.gabianspirit.com\/wordpress\/wp-content\/uploads\/2023\/01\/Ivo_Andric-768x536.jpg 768w, https:\/\/www.gabianspirit.com\/wordpress\/wp-content\/uploads\/2023\/01\/Ivo_Andric-100x70.jpg 100w\" sizes=\"auto, (max-width: 899px) 100vw, 899px\" \/><\/figure><\/div>\n\n\n\n<div style=\"height:31px\" aria-hidden=\"true\" class=\"wp-block-spacer\"><\/div>\n\n\n\n<div class=\"wp-block-media-text alignwide is-stacked-on-mobile\"><figure class=\"wp-block-media-text__media\"><img loading=\"lazy\" decoding=\"async\" width=\"696\" height=\"411\" src=\"https:\/\/www.gabianspirit.com\/wordpress\/wp-content\/uploads\/2019\/05\/Dessin-original-et-final-pour-le-Futura-1924-1927.jpg\" alt=\"\" class=\"wp-image-5166 size-full\"\/><\/figure><div class=\"wp-block-media-text__content\">\n<h3 class=\"wp-block-heading\">2013 \u2013 2016 \u2013 Commissaire d\u2019exposition<\/h3>\n\n\n\n<p>L\u2019ART DES MOTS EN EUROPE CENTRALE ET ORIENTALE (CIMER-CALLIGRAPHIE)<\/p>\n\n\n\n<ul class=\"wp-block-list\">\n<li>s\u00e9lection des artistes (24 de 12 pays d&rsquo;Europe centrale et orientale) et prise de contact.<\/li>\n\n\n\n<li>cr\u00e9ation d\u2019un mini-site et de supports de communication et de pr\u00e9sentation.<\/li>\n\n\n\n<li>sc\u00e9nographie, montage d\u2019exposition.<\/li>\n\n\n\n<li>coordination d\u2019\u00e9quipe.<\/li>\n\n\n\n<li>prises de contact avec des institutions culturelles diverses afin de faire voyager l\u2019exposition.<\/li>\n\n\n\n<li>gestion de la communaut\u00e9 facebook.<\/li>\n<\/ul>\n<\/div><\/div>\n\n\n\n<div style=\"height:31px\" aria-hidden=\"true\" class=\"wp-block-spacer\"><\/div>\n\n\n\n<div class=\"wp-block-media-text alignwide has-media-on-the-right is-stacked-on-mobile has-black-color has-text-color has-background\" style=\"background-color:#feec01\"><div class=\"wp-block-media-text__content\">\n<p><strong>FORMATION<\/strong><\/p>\n\n\n\n<ul class=\"wp-block-list\">\n<li>2011 \u2013 Dipl\u00f4me de concepteur cr\u00e9ateur en communication visuelle \u2013 ECV Paris, \u00e9dition, typographie, identit\u00e9 visuelle, graphisme, multim\u00e9dia, photographie, marketing, s\u00e9miologie<\/li>\n<\/ul>\n<\/div><figure class=\"wp-block-media-text__media\"><img loading=\"lazy\" decoding=\"async\" width=\"1123\" height=\"1587\" src=\"https:\/\/www.gabianspirit.com\/wordpress\/wp-content\/uploads\/2010\/02\/Blues4.jpg\" alt=\"\" class=\"wp-image-2178 size-full\" srcset=\"https:\/\/www.gabianspirit.com\/wordpress\/wp-content\/uploads\/2010\/02\/Blues4.jpg 1123w, https:\/\/www.gabianspirit.com\/wordpress\/wp-content\/uploads\/2010\/02\/Blues4-744x1051.jpg 744w\" sizes=\"auto, (max-width: 1123px) 100vw, 1123px\" \/><\/figure><\/div>\n","protected":false},"excerpt":{"rendered":"<p>Marie Bellando Mitjans Auteurice atypique, artiste ardente et b\u00e9n\u00e9dictrice inclusive, je m&rsquo;engage \u00e0 transmettre la pr\u00e9sence de l&rsquo;Esprit \u00e0 toustes, l\u00e0 o\u00f9 iels se trouvent [&#8230;]<\/p>\n","protected":false},"author":1,"featured_media":0,"parent":0,"menu_order":0,"comment_status":"closed","ping_status":"closed","template":"","meta":{"ngg_post_thumbnail":0,"footnotes":""},"class_list":["post-15","page","type-page","status-publish","hentry"],"jetpack_sharing_enabled":true,"_links":{"self":[{"href":"https:\/\/www.gabianspirit.com\/wordpress\/wp-json\/wp\/v2\/pages\/15","targetHints":{"allow":["GET"]}}],"collection":[{"href":"https:\/\/www.gabianspirit.com\/wordpress\/wp-json\/wp\/v2\/pages"}],"about":[{"href":"https:\/\/www.gabianspirit.com\/wordpress\/wp-json\/wp\/v2\/types\/page"}],"author":[{"embeddable":true,"href":"https:\/\/www.gabianspirit.com\/wordpress\/wp-json\/wp\/v2\/users\/1"}],"replies":[{"embeddable":true,"href":"https:\/\/www.gabianspirit.com\/wordpress\/wp-json\/wp\/v2\/comments?post=15"}],"version-history":[{"count":65,"href":"https:\/\/www.gabianspirit.com\/wordpress\/wp-json\/wp\/v2\/pages\/15\/revisions"}],"predecessor-version":[{"id":14001,"href":"https:\/\/www.gabianspirit.com\/wordpress\/wp-json\/wp\/v2\/pages\/15\/revisions\/14001"}],"wp:attachment":[{"href":"https:\/\/www.gabianspirit.com\/wordpress\/wp-json\/wp\/v2\/media?parent=15"}],"curies":[{"name":"wp","href":"https:\/\/api.w.org\/{rel}","templated":true}]}}