{"id":13883,"date":"2024-10-05T19:50:27","date_gmt":"2024-10-05T18:50:27","guid":{"rendered":"https:\/\/www.gabianspirit.com\/wordpress\/?page_id=13883"},"modified":"2024-10-05T19:50:27","modified_gmt":"2024-10-05T18:50:27","slug":"en-librairie","status":"publish","type":"page","link":"https:\/\/www.gabianspirit.com\/wordpress\/en-librairie\/","title":{"rendered":"En librairie"},"content":{"rendered":"\n<h2 class=\"wp-block-heading alignwide has-text-align-left\">Hamlet ou l&rsquo;exil<\/h2>\n\n\n\n<div class=\"wp-block-media-text alignwide is-stacked-on-mobile\" style=\"grid-template-columns:15% auto\"><figure class=\"wp-block-media-text__media\"><img decoding=\"async\" src=\"https:\/\/mariebellandomitjans.files.wordpress.com\/2020\/10\/couv_bookelis_bnf1.jpg?w=600\" alt=\"\" class=\"wp-image-3858 size-medium\"\/><\/figure><div class=\"wp-block-media-text__content\">\n<p><em>Hamlet ou l\u2019exil<\/em> est un r\u00e9cit, \u00e0 mi-chemin entre le roman et le th\u00e9\u00e2tre. Il est compos\u00e9 comme un journal intime. Je pars du postulat selon lequel Hamlet aurait \u00e9t\u00e9 rejet\u00e9 de la mort et hanterait des auteurs depuis lors. Le dernier en date serait, donc, la narratrice, Irynia, jeune \u00e9migr\u00e9e bosnienne se confrontant \u00e0 l\u2019absence de rattachement culturel \u00e0 son pays d\u2019origine qu\u2019elle a quitt\u00e9 enfant lors de la guerre, ainsi qu\u2019\u00e0 la perte de son p\u00e8re.<\/p>\n\n\n\n<div class=\"wp-block-buttons is-layout-flex wp-block-buttons-is-layout-flex\">\n<div class=\"wp-block-button\"><a class=\"wp-block-button__link wp-element-button\" href=\"https:\/\/www.bookelis.com\/publication\/35556-Hamlet-ou-l-exil.html\">plus<\/a><\/div>\n<\/div>\n<\/div><\/div>\n\n\n\n<h2 class=\"wp-block-heading alignwide\">Il y a un Bon Dieu pour les anarchistes<\/h2>\n\n\n\n<div class=\"wp-block-media-text alignwide is-stacked-on-mobile\" style=\"grid-template-columns:15% auto\"><figure class=\"wp-block-media-text__media\"><img decoding=\"async\" src=\"https:\/\/mariebellandomitjans.files.wordpress.com\/2021\/07\/couv_bookelis.jpg?w=214\" alt=\"\" class=\"wp-image-4126 size-medium\"\/><\/figure><div class=\"wp-block-media-text__content\">\n<p>Il y a un Bon Dieu pour les anarchistes est l&rsquo;autobiographie d&rsquo;une sorci\u00e8re&#8230; Manuscrit \u00e9trange qu&rsquo;il m&rsquo;a \u00e9t\u00e9 donn\u00e9 de trouver un soir, sur un banc, en rentrant chez moi&#8230; Il \u00e9tait d\u00e9dicac\u00e9 \u00e0 \u00ab&nbsp;Anne Sylvestre, Dante, Max Ernst, et tous les fant\u00f4mes qui m&rsquo;ont emp\u00each\u00e9 d&rsquo;effacer ce fichier.&nbsp;\u00bb Est-ce que tout cela est vrai?? Je n&rsquo;en sais rien, mais en attendant je me suis laiss\u00e9e emporter \u00e0 travers les si\u00e8cles par cette folle histoire d&rsquo;amour et de tendresse, de combats et de ferveur, de dignit\u00e9 et de passion. Je vous la partage ici.<\/p>\n\n\n\n<div class=\"wp-block-buttons is-layout-flex wp-block-buttons-is-layout-flex\">\n<div class=\"wp-block-button\"><a class=\"wp-block-button__link wp-element-button\" href=\"https:\/\/www.bookelis.com\/fantastique\/47590-Il-y-a-un-Bon-Dieu-pour-les-Anarchistes.html\">plus<\/a><\/div>\n<\/div>\n<\/div><\/div>\n\n\n\n<h2 class=\"wp-block-heading alignwide\">Trafiquants d&rsquo;\u00e2mes<\/h2>\n\n\n\n<div class=\"wp-block-media-text alignwide is-stacked-on-mobile\" style=\"grid-template-columns:15% auto\"><figure class=\"wp-block-media-text__media\"><img decoding=\"async\" src=\"https:\/\/mariebellandomitjans.files.wordpress.com\/2023\/04\/capture-decran-2023-04-18-a-16.39.18.png?w=666\" alt=\"\" class=\"wp-image-4966 size-medium\"\/><\/figure><div class=\"wp-block-media-text__content\">\n<p>7 janvier 2015, il fait d\u00e9j\u00e0 nuit, Janus tourne en rond dans Paris. Il est journaliste, il ne sait pas quel acte poser pour faire face \u00e0 l\u2019actualit\u00e9. Apr\u00e8s des heures de r\u00e9flexion, il d\u00e9cide de partir. Contrairement \u00e0 son habitude, ce ne sera pas vers une zone de guerre. Il part vers Compostelle, voir et comprendre d\u2019autres gens, et fuir des \u00e9motions qu\u2019il ne sait pas assumer. Mais le chemin se r\u00e9v\u00e8le plus myst\u00e9rieux et surprenant que pr\u00e9vu, qui sont ces \u00e9tranges personnages qu\u2019il rencontre\u2009? Quels messages lui transmettent-ils\u2009?<\/p>\n\n\n\n<div class=\"wp-block-buttons is-layout-flex wp-block-buttons-is-layout-flex\">\n<div class=\"wp-block-button\"><a class=\"wp-block-button__link wp-element-button\" href=\"https:\/\/www.bookelis.com\/romans\/56191-Trafiquants-d-ames.html\">plus<\/a><\/div>\n<\/div>\n<\/div><\/div>\n\n\n\n<h2 class=\"wp-block-heading alignwide\">Ceci n&rsquo;est pas un roman ukrainien<\/h2>\n\n\n\n<div class=\"wp-block-media-text alignwide is-stacked-on-mobile\" style=\"grid-template-columns:15% auto\"><figure class=\"wp-block-media-text__media\"><img decoding=\"async\" src=\"https:\/\/mariebellandomitjans.wordpress.com\/wp-content\/uploads\/2024\/03\/capture-decran-2024-03-10-a-15.56.53.png?w=750\" alt=\"\" class=\"wp-image-5033 size-medium\"\/><\/figure><div class=\"wp-block-media-text__content\">\n<p>Esm\u00e9e, une jeune femme fran\u00e7aise d&rsquo;origine rrom ukrainienne, se lance dans un voyage initiatique \u00e0 travers l&rsquo;Ukraine meurtrie. En proie \u00e0 une crise existentielle, elle cherche \u00e0 d\u00e9m\u00ealer les fils de son histoire familiale, marqu\u00e9e par le double g\u00e9nocide rrom et juif. Adopt\u00e9e en partie par la famille de son meilleur ami, elle explore ses racines et d\u00e9couvre la force de l&rsquo;amour et de l&rsquo;amiti\u00e9 dans un contexte historique bouleversant.<\/p>\n\n\n\n<div class=\"wp-block-buttons is-layout-flex wp-block-buttons-is-layout-flex\">\n<div class=\"wp-block-button\"><a class=\"wp-block-button__link wp-element-button\" href=\"https:\/\/www.bookelis.com\/romans\/61484-Ceci-n-est-pas-un-roman-ukrainien.html\">plus<\/a><\/div>\n<\/div>\n<\/div><\/div>\n\n\n\n<p><\/p>\n","protected":false},"excerpt":{"rendered":"<p>Hamlet ou l&rsquo;exil Il y a un Bon Dieu pour les anarchistes Trafiquants d&rsquo;\u00e2mes Ceci n&rsquo;est pas un roman ukrainien<\/p>\n","protected":false},"author":1,"featured_media":0,"parent":0,"menu_order":0,"comment_status":"closed","ping_status":"closed","template":"","meta":{"ngg_post_thumbnail":0,"footnotes":""},"class_list":["post-13883","page","type-page","status-publish","hentry"],"jetpack_sharing_enabled":true,"_links":{"self":[{"href":"https:\/\/www.gabianspirit.com\/wordpress\/wp-json\/wp\/v2\/pages\/13883","targetHints":{"allow":["GET"]}}],"collection":[{"href":"https:\/\/www.gabianspirit.com\/wordpress\/wp-json\/wp\/v2\/pages"}],"about":[{"href":"https:\/\/www.gabianspirit.com\/wordpress\/wp-json\/wp\/v2\/types\/page"}],"author":[{"embeddable":true,"href":"https:\/\/www.gabianspirit.com\/wordpress\/wp-json\/wp\/v2\/users\/1"}],"replies":[{"embeddable":true,"href":"https:\/\/www.gabianspirit.com\/wordpress\/wp-json\/wp\/v2\/comments?post=13883"}],"version-history":[{"count":1,"href":"https:\/\/www.gabianspirit.com\/wordpress\/wp-json\/wp\/v2\/pages\/13883\/revisions"}],"predecessor-version":[{"id":13884,"href":"https:\/\/www.gabianspirit.com\/wordpress\/wp-json\/wp\/v2\/pages\/13883\/revisions\/13884"}],"wp:attachment":[{"href":"https:\/\/www.gabianspirit.com\/wordpress\/wp-json\/wp\/v2\/media?parent=13883"}],"curies":[{"name":"wp","href":"https:\/\/api.w.org\/{rel}","templated":true}]}}